{"id":1097,"date":"2020-04-09T07:03:54","date_gmt":"2020-04-09T07:03:54","guid":{"rendered":"https:\/\/gregoriasesores.es\/?page_id=1097"},"modified":"2020-04-22T22:01:09","modified_gmt":"2020-04-22T22:01:09","slug":"condiciones-generales","status":"publish","type":"page","link":"https:\/\/gregoriasesores.es\/index.php\/condiciones-generales\/","title":{"rendered":"Condiciones generales"},"content":{"rendered":"\n<h2 class=\"has-col-59778-f-color has-text-color\">Aviso Legal y Condiciones de Uso del Sitio<\/h2>\n\n\n\n<hr class=\"wp-block-separator is-style-default\"\/>\n\n\n\n<p class=\"has-text-color has-col-6786-a-1-color\"><strong>INFORMACI\u00d3N GENERAL<\/strong><\/p>\n\n\n\n<p>En cumplimiento con el deber de informaci\u00f3n recogido en el art\u00edculo 10 de la Ley 34\/2002, de 11 de julio, de Servicios de la Sociedad de la Informaci\u00f3n y del Comercio Electr\u00f3nico (LSSI-CE) continuaci\u00f3n se indican los datos de informaci\u00f3n general del sitio Web:<\/p>\n\n\n\n<p>La titularidad de este sitio web, WWW.GREGORIASESORES.ES, (en adelante, Sitio Web) la ostenta: ALFREDO GREGORI ENGUIX, NIF: 20818985Y, y cuyos datos de contacto son:<\/p>\n\n\n\n<p>Direcci\u00f3n: C\/ Fernando VI \u2013 1\u00ba Izq 28004 Madrid<\/p>\n\n\n\n<p>Tel\u00e9fono de contacto: 611 461 530<\/p>\n\n\n\n<p>Email de contacto: <a href=\"mailto:info@gregoriasesores.es\">contacto@gregoriasesores.es<\/a><\/p>\n\n\n\n<p>De la misma manera, siendo la actividad ejercida por ALFREDO GREGORI ENGUIX una actividad regulada, se hace constar que, como tal, est\u00e1 en posesi\u00f3n de:<\/p>\n\n\n\n<p>Licenciatura en Derecho por la Universidad Antonio de Nebrija.<\/p>\n\n\n\n<p>N\u00ba Colegiado 132464 Ilustre Colegio de abogados de Madrid.<\/p>\n\n\n\n<p><\/p>\n","protected":false},"excerpt":{"rendered":"<p>Aviso Legal y Condiciones de Uso del Sitio INFORMACI\u00d3N GENERAL En cumplimiento con el deber de informaci\u00f3n recogido en el art\u00edculo 10 de la Ley 34\/2002, de 11 de julio, de Servicios de la Sociedad de la Informaci\u00f3n y del Comercio Electr\u00f3nico (LSSI-CE) continuaci\u00f3n se indican los datos de informaci\u00f3n general del sitio Web: La [&hellip;]<\/p>\n","protected":false},"author":1,"featured_media":0,"parent":0,"menu_order":0,"comment_status":"closed","ping_status":"closed","template":"","meta":{"_monsterinsights_skip_tracking":false,"_monsterinsights_sitenote_active":false,"_monsterinsights_sitenote_note":"","_monsterinsights_sitenote_category":0},"yst_prominent_words":[],"_links":{"self":[{"href":"https:\/\/gregoriasesores.es\/index.php\/wp-json\/wp\/v2\/pages\/1097"}],"collection":[{"href":"https:\/\/gregoriasesores.es\/index.php\/wp-json\/wp\/v2\/pages"}],"about":[{"href":"https:\/\/gregoriasesores.es\/index.php\/wp-json\/wp\/v2\/types\/page"}],"author":[{"embeddable":true,"href":"https:\/\/gregoriasesores.es\/index.php\/wp-json\/wp\/v2\/users\/1"}],"replies":[{"embeddable":true,"href":"https:\/\/gregoriasesores.es\/index.php\/wp-json\/wp\/v2\/comments?post=1097"}],"version-history":[{"count":14,"href":"https:\/\/gregoriasesores.es\/index.php\/wp-json\/wp\/v2\/pages\/1097\/revisions"}],"predecessor-version":[{"id":1151,"href":"https:\/\/gregoriasesores.es\/index.php\/wp-json\/wp\/v2\/pages\/1097\/revisions\/1151"}],"wp:attachment":[{"href":"https:\/\/gregoriasesores.es\/index.php\/wp-json\/wp\/v2\/media?parent=1097"}],"wp:term":[{"taxonomy":"yst_prominent_words","embeddable":true,"href":"https:\/\/gregoriasesores.es\/index.php\/wp-json\/wp\/v2\/yst_prominent_words?post=1097"}],"curies":[{"name":"wp","href":"https:\/\/api.w.org\/{rel}","templated":true}]}}