{"id":1132,"date":"2020-04-22T15:01:48","date_gmt":"2020-04-22T15:01:48","guid":{"rendered":"https:\/\/gregoriasesores.es\/?page_id=1132"},"modified":"2020-05-06T17:10:50","modified_gmt":"2020-05-06T17:10:50","slug":"blog","status":"publish","type":"page","link":"https:\/\/gregoriasesores.es\/index.php\/blog\/","title":{"rendered":"Noticias"},"content":{"rendered":"<div   data-autoplay=''  data-interval='5'  data-animation='fade'  data-show_slide_delay='90'  class='avia-content-slider avia-content-grid-active avia-content-slider1 avia-content-slider-even  avia-builder-el-0  avia-builder-el-no-sibling  '  itemscope=\"itemscope\" itemtype=\"https:\/\/schema.org\/Blog\" ><div class='avia-content-slider-inner'><div class='slide-entry-wrap'><article class='slide-entry flex_column  post-entry post-entry-1723 slide-entry-overview slide-loop-1 slide-parity-odd  av_one_half first fake-thumbnail'  itemscope=\"itemscope\" itemtype=\"https:\/\/schema.org\/CreativeWork\" ><a href='https:\/\/gregoriasesores.es\/index.php\/2021\/02\/15\/que-examenes-tengo-que-superar-para-solicitar-la-nacionalidad-espanola\/' data-rel='slide-1' class='slide-image' title='\u00bfQU\u00c9 EX\u00c1MENES TENGO QUE SUPERAR PARA SOLICITAR LA NACIONALIDAD ESPA\u00d1OLA?'><span class=' fallback-post-type-icon' aria-hidden='true' data-av_icon='\ue836' data-av_iconfont='entypo-fontello'><\/span><span class='slider-fallback-image'><\/span><\/a><div class='slide-content'><header class=\"entry-content-header\"><h3 class='slide-entry-title entry-title '  itemprop=\"headline\" ><a href='https:\/\/gregoriasesores.es\/index.php\/2021\/02\/15\/que-examenes-tengo-que-superar-para-solicitar-la-nacionalidad-espanola\/' title='\u00bfQU\u00c9 EX\u00c1MENES TENGO QUE SUPERAR PARA SOLICITAR LA NACIONALIDAD ESPA\u00d1OLA?'>\u00bfQU\u00c9 EX\u00c1MENES TENGO QUE SUPERAR PARA SOLICITAR LA NACIONALIDAD ESPA\u00d1OLA?<\/a><\/h3><span class=\"av-vertical-delimiter\"><\/span><\/header><div class='slide-meta'><div class='slide-meta-comments'><a href='https:\/\/gregoriasesores.es\/index.php\/2021\/02\/15\/que-examenes-tengo-que-superar-para-solicitar-la-nacionalidad-espanola\/#respond'>0 Comentarios<\/a><\/div><div class='slide-meta-del'>\/<\/div><time class='slide-meta-time updated'  itemprop=\"datePublished\" datetime=\"2021-02-15T09:17:42+00:00\" >15 febrero 2021<\/time><\/div><div class='slide-entry-excerpt entry-content'  itemprop=\"text\" >\n\n<\/div><\/div><footer class=\"entry-footer\"><\/footer><span class='hidden'>\n\t\t\t\t<span class='av-structured-data'  itemprop=\"image\" itemscope=\"itemscope\" itemtype=\"https:\/\/schema.org\/ImageObject\" >\n\t\t\t\t\t\t<span itemprop='url'>https:\/\/gregoriasesores.es\/wp-content\/uploads\/2020\/05\/LOGOGAAZULTEXTO-300x255-1.png<\/span>\n\t\t\t\t\t\t<span itemprop='height'>0<\/span>\n\t\t\t\t\t\t<span itemprop='width'>0<\/span>\n\t\t\t\t<\/span>\n\t\t\t\t<span class='av-structured-data'  itemprop=\"publisher\" itemtype=\"https:\/\/schema.org\/Organization\" itemscope=\"itemscope\" >\n\t\t\t\t\t\t<span itemprop='name'>admin<\/span>\n\t\t\t\t\t\t<span itemprop='logo' itemscope itemtype='https:\/\/schema.org\/ImageObject'>\n\t\t\t\t\t\t\t<span itemprop='url'>https:\/\/gregoriasesores.es\/wp-content\/uploads\/2020\/05\/LOGOGAAZULTEXTO-300x255-1.png<\/span>\n\t\t\t\t\t\t <\/span>\n\t\t\t\t<\/span><span class='av-structured-data'  itemprop=\"author\" itemscope=\"itemscope\" itemtype=\"https:\/\/schema.org\/Person\" ><span itemprop='name'>admin<\/span><\/span><span class='av-structured-data'  itemprop=\"datePublished\" datetime=\"2020-04-22T15:01:48+00:00\" >2021-02-15 09:17:42<\/span><span class='av-structured-data'  itemprop=\"dateModified\" itemtype=\"https:\/\/schema.org\/dateModified\" >2021-02-15 09:17:44<\/span><span class='av-structured-data'  itemprop=\"mainEntityOfPage\" itemtype=\"https:\/\/schema.org\/mainEntityOfPage\" ><span itemprop='name'>\u00bfQU\u00c9 EX\u00c1MENES TENGO QUE SUPERAR PARA SOLICITAR LA NACIONALIDAD ESPA\u00d1OLA?<\/span><\/span><\/span><\/article><article class='slide-entry flex_column  post-entry post-entry-1712 slide-entry-overview slide-loop-2 slide-parity-even  av_one_half  fake-thumbnail'  itemscope=\"itemscope\" itemtype=\"https:\/\/schema.org\/CreativeWork\" ><a href='https:\/\/gregoriasesores.es\/index.php\/2021\/01\/21\/1712\/' data-rel='slide-1' class='slide-image' title='C\u00f3mo adquirir la nacionalidad espa\u00f1ola'><span class=' fallback-post-type-icon' aria-hidden='true' data-av_icon='\ue836' data-av_iconfont='entypo-fontello'><\/span><span class='slider-fallback-image'><\/span><\/a><div class='slide-content'><header class=\"entry-content-header\"><h3 class='slide-entry-title entry-title '  itemprop=\"headline\" ><a href='https:\/\/gregoriasesores.es\/index.php\/2021\/01\/21\/1712\/' title='C\u00f3mo adquirir la nacionalidad espa\u00f1ola'>C\u00f3mo adquirir la nacionalidad espa\u00f1ola<\/a><\/h3><span class=\"av-vertical-delimiter\"><\/span><\/header><div class='slide-meta'><div class='slide-meta-comments'><a href='https:\/\/gregoriasesores.es\/index.php\/2021\/01\/21\/1712\/#respond'>0 Comentarios<\/a><\/div><div class='slide-meta-del'>\/<\/div><time class='slide-meta-time updated'  itemprop=\"datePublished\" datetime=\"2021-01-21T17:58:12+00:00\" >21 enero 2021<\/time><\/div><div class='slide-entry-excerpt entry-content'  itemprop=\"text\" >\n\n<\/div><\/div><footer class=\"entry-footer\"><\/footer><span class='hidden'>\n\t\t\t\t<span class='av-structured-data'  itemprop=\"image\" itemscope=\"itemscope\" itemtype=\"https:\/\/schema.org\/ImageObject\" >\n\t\t\t\t\t\t<span itemprop='url'>https:\/\/gregoriasesores.es\/wp-content\/uploads\/2020\/05\/LOGOGAAZULTEXTO-300x255-1.png<\/span>\n\t\t\t\t\t\t<span itemprop='height'>0<\/span>\n\t\t\t\t\t\t<span itemprop='width'>0<\/span>\n\t\t\t\t<\/span>\n\t\t\t\t<span class='av-structured-data'  itemprop=\"publisher\" itemtype=\"https:\/\/schema.org\/Organization\" itemscope=\"itemscope\" >\n\t\t\t\t\t\t<span itemprop='name'>admin<\/span>\n\t\t\t\t\t\t<span itemprop='logo' itemscope itemtype='https:\/\/schema.org\/ImageObject'>\n\t\t\t\t\t\t\t<span itemprop='url'>https:\/\/gregoriasesores.es\/wp-content\/uploads\/2020\/05\/LOGOGAAZULTEXTO-300x255-1.png<\/span>\n\t\t\t\t\t\t <\/span>\n\t\t\t\t<\/span><span class='av-structured-data'  itemprop=\"author\" itemscope=\"itemscope\" itemtype=\"https:\/\/schema.org\/Person\" ><span itemprop='name'>admin<\/span><\/span><span class='av-structured-data'  itemprop=\"datePublished\" datetime=\"2020-04-22T15:01:48+00:00\" >2021-01-21 17:58:12<\/span><span class='av-structured-data'  itemprop=\"dateModified\" itemtype=\"https:\/\/schema.org\/dateModified\" >2021-02-01 17:46:31<\/span><span class='av-structured-data'  itemprop=\"mainEntityOfPage\" itemtype=\"https:\/\/schema.org\/mainEntityOfPage\" ><span itemprop='name'>C\u00f3mo adquirir la nacionalidad espa\u00f1ola<\/span><\/span><\/span><\/article><\/div><div class='slide-entry-wrap'><article class='slide-entry flex_column  post-entry post-entry-1707 slide-entry-overview slide-loop-3 slide-parity-odd  av_one_half first fake-thumbnail'  itemscope=\"itemscope\" itemtype=\"https:\/\/schema.org\/CreativeWork\" ><a href='https:\/\/gregoriasesores.es\/index.php\/2021\/01\/14\/requisitos-para-solicitar-la-nacionalidad-espanola\/' data-rel='slide-1' class='slide-image' title='Requisitos para solicitar la nacionalidad espa\u00f1ola'><span class=' fallback-post-type-icon' aria-hidden='true' data-av_icon='\ue836' data-av_iconfont='entypo-fontello'><\/span><span class='slider-fallback-image'><\/span><\/a><div class='slide-content'><header class=\"entry-content-header\"><h3 class='slide-entry-title entry-title '  itemprop=\"headline\" ><a href='https:\/\/gregoriasesores.es\/index.php\/2021\/01\/14\/requisitos-para-solicitar-la-nacionalidad-espanola\/' title='Requisitos para solicitar la nacionalidad espa\u00f1ola'>Requisitos para solicitar la nacionalidad espa\u00f1ola<\/a><\/h3><span class=\"av-vertical-delimiter\"><\/span><\/header><div class='slide-meta'><div class='slide-meta-comments'><a href='https:\/\/gregoriasesores.es\/index.php\/2021\/01\/14\/requisitos-para-solicitar-la-nacionalidad-espanola\/#respond'>0 Comentarios<\/a><\/div><div class='slide-meta-del'>\/<\/div><time class='slide-meta-time updated'  itemprop=\"datePublished\" datetime=\"2021-01-14T17:57:38+00:00\" >14 enero 2021<\/time><\/div><div class='slide-entry-excerpt entry-content'  itemprop=\"text\" >\n\n<\/div><\/div><footer class=\"entry-footer\"><\/footer><span class='hidden'>\n\t\t\t\t<span class='av-structured-data'  itemprop=\"image\" itemscope=\"itemscope\" itemtype=\"https:\/\/schema.org\/ImageObject\" >\n\t\t\t\t\t\t<span itemprop='url'>https:\/\/gregoriasesores.es\/wp-content\/uploads\/2020\/05\/LOGOGAAZULTEXTO-300x255-1.png<\/span>\n\t\t\t\t\t\t<span itemprop='height'>0<\/span>\n\t\t\t\t\t\t<span itemprop='width'>0<\/span>\n\t\t\t\t<\/span>\n\t\t\t\t<span class='av-structured-data'  itemprop=\"publisher\" itemtype=\"https:\/\/schema.org\/Organization\" itemscope=\"itemscope\" >\n\t\t\t\t\t\t<span itemprop='name'>admin<\/span>\n\t\t\t\t\t\t<span itemprop='logo' itemscope itemtype='https:\/\/schema.org\/ImageObject'>\n\t\t\t\t\t\t\t<span itemprop='url'>https:\/\/gregoriasesores.es\/wp-content\/uploads\/2020\/05\/LOGOGAAZULTEXTO-300x255-1.png<\/span>\n\t\t\t\t\t\t <\/span>\n\t\t\t\t<\/span><span class='av-structured-data'  itemprop=\"author\" itemscope=\"itemscope\" itemtype=\"https:\/\/schema.org\/Person\" ><span itemprop='name'>admin<\/span><\/span><span class='av-structured-data'  itemprop=\"datePublished\" datetime=\"2020-04-22T15:01:48+00:00\" >2021-01-14 17:57:38<\/span><span class='av-structured-data'  itemprop=\"dateModified\" itemtype=\"https:\/\/schema.org\/dateModified\" >2021-01-14 17:59:00<\/span><span class='av-structured-data'  itemprop=\"mainEntityOfPage\" itemtype=\"https:\/\/schema.org\/mainEntityOfPage\" ><span itemprop='name'>Requisitos para solicitar la nacionalidad espa\u00f1ola<\/span><\/span><\/span><\/article><article class='slide-entry flex_column  post-entry post-entry-1674 slide-entry-overview slide-loop-4 slide-parity-even  av_one_half  fake-thumbnail'  itemscope=\"itemscope\" itemtype=\"https:\/\/schema.org\/CreativeWork\" ><a href='https:\/\/gregoriasesores.es\/index.php\/2020\/06\/18\/quienes-pueden-tener-doble-nacionalidad-espanola\/' data-rel='slide-1' class='slide-image' title='\u00bfQuienes pueden tener doble nacionalidad espa\u00f1ola?'><span class=' fallback-post-type-icon' aria-hidden='true' data-av_icon='\ue836' data-av_iconfont='entypo-fontello'><\/span><span class='slider-fallback-image'><\/span><\/a><div class='slide-content'><header class=\"entry-content-header\"><h3 class='slide-entry-title entry-title '  itemprop=\"headline\" ><a href='https:\/\/gregoriasesores.es\/index.php\/2020\/06\/18\/quienes-pueden-tener-doble-nacionalidad-espanola\/' title='\u00bfQuienes pueden tener doble nacionalidad espa\u00f1ola?'>\u00bfQuienes pueden tener doble nacionalidad espa\u00f1ola?<\/a><\/h3><span class=\"av-vertical-delimiter\"><\/span><\/header><div class='slide-meta'><div class='slide-meta-comments'><a href='https:\/\/gregoriasesores.es\/index.php\/2020\/06\/18\/quienes-pueden-tener-doble-nacionalidad-espanola\/#respond'>0 Comentarios<\/a><\/div><div class='slide-meta-del'>\/<\/div><time class='slide-meta-time updated'  itemprop=\"datePublished\" datetime=\"2020-06-18T12:56:41+00:00\" >18 junio 2020<\/time><\/div><div class='slide-entry-excerpt entry-content'  itemprop=\"text\" >\n\n<\/div><\/div><footer class=\"entry-footer\"><\/footer><span class='hidden'>\n\t\t\t\t<span class='av-structured-data'  itemprop=\"image\" itemscope=\"itemscope\" itemtype=\"https:\/\/schema.org\/ImageObject\" >\n\t\t\t\t\t\t<span itemprop='url'>https:\/\/gregoriasesores.es\/wp-content\/uploads\/2020\/05\/LOGOGAAZULTEXTO-300x255-1.png<\/span>\n\t\t\t\t\t\t<span itemprop='height'>0<\/span>\n\t\t\t\t\t\t<span itemprop='width'>0<\/span>\n\t\t\t\t<\/span>\n\t\t\t\t<span class='av-structured-data'  itemprop=\"publisher\" itemtype=\"https:\/\/schema.org\/Organization\" itemscope=\"itemscope\" >\n\t\t\t\t\t\t<span itemprop='name'>admin<\/span>\n\t\t\t\t\t\t<span itemprop='logo' itemscope itemtype='https:\/\/schema.org\/ImageObject'>\n\t\t\t\t\t\t\t<span itemprop='url'>https:\/\/gregoriasesores.es\/wp-content\/uploads\/2020\/05\/LOGOGAAZULTEXTO-300x255-1.png<\/span>\n\t\t\t\t\t\t <\/span>\n\t\t\t\t<\/span><span class='av-structured-data'  itemprop=\"author\" itemscope=\"itemscope\" itemtype=\"https:\/\/schema.org\/Person\" ><span itemprop='name'>admin<\/span><\/span><span class='av-structured-data'  itemprop=\"datePublished\" datetime=\"2020-04-22T15:01:48+00:00\" >2020-06-18 12:56:41<\/span><span class='av-structured-data'  itemprop=\"dateModified\" itemtype=\"https:\/\/schema.org\/dateModified\" >2020-06-18 12:56:42<\/span><span class='av-structured-data'  itemprop=\"mainEntityOfPage\" itemtype=\"https:\/\/schema.org\/mainEntityOfPage\" ><span itemprop='name'>\u00bfQuienes pueden tener doble nacionalidad espa\u00f1ola?<\/span><\/span><\/span><\/article><\/div><div class='slide-entry-wrap'><article class='slide-entry flex_column  post-entry post-entry-1136 slide-entry-overview slide-loop-5 slide-parity-odd  post-entry-last  av_one_half first fake-thumbnail'  itemscope=\"itemscope\" itemtype=\"https:\/\/schema.org\/CreativeWork\" ><a href='https:\/\/gregoriasesores.es\/index.php\/2020\/04\/22\/esta-seria-la-primera-noticia\/' data-rel='slide-1' class='slide-image' title='Causas de denegaci\u00f3n de la nacionalidad espa\u00f1ola'><span class=' fallback-post-type-icon' aria-hidden='true' data-av_icon='\ue836' data-av_iconfont='entypo-fontello'><\/span><span class='slider-fallback-image'><\/span><\/a><div class='slide-content'><header class=\"entry-content-header\"><h3 class='slide-entry-title entry-title '  itemprop=\"headline\" ><a href='https:\/\/gregoriasesores.es\/index.php\/2020\/04\/22\/esta-seria-la-primera-noticia\/' title='Causas de denegaci\u00f3n de la nacionalidad espa\u00f1ola'>Causas de denegaci\u00f3n de la nacionalidad espa\u00f1ola<\/a><\/h3><span class=\"av-vertical-delimiter\"><\/span><\/header><div class='slide-meta'><div class='slide-meta-comments'><a href='https:\/\/gregoriasesores.es\/index.php\/2020\/04\/22\/esta-seria-la-primera-noticia\/#respond'>0 Comentarios<\/a><\/div><div class='slide-meta-del'>\/<\/div><time class='slide-meta-time updated'  itemprop=\"datePublished\" datetime=\"2020-04-22T15:07:08+00:00\" >22 abril 2020<\/time><\/div><div class='slide-entry-excerpt entry-content'  itemprop=\"text\" >\n\n\n\n\n\n<\/div><\/div><footer class=\"entry-footer\"><\/footer><span class='hidden'>\n\t\t\t\t<span class='av-structured-data'  itemprop=\"image\" itemscope=\"itemscope\" itemtype=\"https:\/\/schema.org\/ImageObject\" >\n\t\t\t\t\t\t<span itemprop='url'>https:\/\/gregoriasesores.es\/wp-content\/uploads\/2020\/05\/LOGOGAAZULTEXTO-300x255-1.png<\/span>\n\t\t\t\t\t\t<span itemprop='height'>0<\/span>\n\t\t\t\t\t\t<span itemprop='width'>0<\/span>\n\t\t\t\t<\/span>\n\t\t\t\t<span class='av-structured-data'  itemprop=\"publisher\" itemtype=\"https:\/\/schema.org\/Organization\" itemscope=\"itemscope\" >\n\t\t\t\t\t\t<span itemprop='name'>admin<\/span>\n\t\t\t\t\t\t<span itemprop='logo' itemscope itemtype='https:\/\/schema.org\/ImageObject'>\n\t\t\t\t\t\t\t<span itemprop='url'>https:\/\/gregoriasesores.es\/wp-content\/uploads\/2020\/05\/LOGOGAAZULTEXTO-300x255-1.png<\/span>\n\t\t\t\t\t\t <\/span>\n\t\t\t\t<\/span><span class='av-structured-data'  itemprop=\"author\" itemscope=\"itemscope\" itemtype=\"https:\/\/schema.org\/Person\" ><span itemprop='name'>admin<\/span><\/span><span class='av-structured-data'  itemprop=\"datePublished\" datetime=\"2020-04-22T15:01:48+00:00\" >2020-04-22 15:07:08<\/span><span class='av-structured-data'  itemprop=\"dateModified\" itemtype=\"https:\/\/schema.org\/dateModified\" >2020-06-10 17:39:06<\/span><span class='av-structured-data'  itemprop=\"mainEntityOfPage\" itemtype=\"https:\/\/schema.org\/mainEntityOfPage\" ><span itemprop='name'>Causas de denegaci\u00f3n de la nacionalidad espa\u00f1ola<\/span><\/span><\/span><\/article><\/div><\/div><\/div>\n","protected":false},"excerpt":{"rendered":"","protected":false},"author":1,"featured_media":0,"parent":0,"menu_order":0,"comment_status":"closed","ping_status":"closed","template":"","meta":{"_monsterinsights_skip_tracking":false,"_monsterinsights_sitenote_active":false,"_monsterinsights_sitenote_note":"","_monsterinsights_sitenote_category":0},"yst_prominent_words":[],"_links":{"self":[{"href":"https:\/\/gregoriasesores.es\/index.php\/wp-json\/wp\/v2\/pages\/1132"}],"collection":[{"href":"https:\/\/gregoriasesores.es\/index.php\/wp-json\/wp\/v2\/pages"}],"about":[{"href":"https:\/\/gregoriasesores.es\/index.php\/wp-json\/wp\/v2\/types\/page"}],"author":[{"embeddable":true,"href":"https:\/\/gregoriasesores.es\/index.php\/wp-json\/wp\/v2\/users\/1"}],"replies":[{"embeddable":true,"href":"https:\/\/gregoriasesores.es\/index.php\/wp-json\/wp\/v2\/comments?post=1132"}],"version-history":[{"count":9,"href":"https:\/\/gregoriasesores.es\/index.php\/wp-json\/wp\/v2\/pages\/1132\/revisions"}],"predecessor-version":[{"id":1210,"href":"https:\/\/gregoriasesores.es\/index.php\/wp-json\/wp\/v2\/pages\/1132\/revisions\/1210"}],"wp:attachment":[{"href":"https:\/\/gregoriasesores.es\/index.php\/wp-json\/wp\/v2\/media?parent=1132"}],"wp:term":[{"taxonomy":"yst_prominent_words","embeddable":true,"href":"https:\/\/gregoriasesores.es\/index.php\/wp-json\/wp\/v2\/yst_prominent_words?post=1132"}],"curies":[{"name":"wp","href":"https:\/\/api.w.org\/{rel}","templated":true}]}}