{"id":1731,"date":"2021-02-25T09:03:52","date_gmt":"2021-02-25T09:03:52","guid":{"rendered":"https:\/\/gregoriasesores.es\/?page_id=1731"},"modified":"2021-02-25T14:04:50","modified_gmt":"2021-02-25T14:04:50","slug":"estudio-de-viabilidad","status":"publish","type":"page","link":"https:\/\/gregoriasesores.es\/index.php\/estudio-de-viabilidad\/","title":{"rendered":"Estudio de viabilidad"},"content":{"rendered":"<form action=\"https:\/\/gregoriasesores.es\/index.php\/estudio-de-viabilidad\/\" method=\"post\"  class=\"avia_ajax_form av-form-labels-hidden   avia-builder-el-0  avia-builder-el-no-sibling   \" data-avia-form-id=\"1\" data-avia-redirect='' ><h3 class=''>FORMULARIO PARA EL INFORME DE VIABILIDAD<\/h3><fieldset><p class='  first_form  form_element form_fullwidth' id='element_avia_1_1'><label for=\"avia_1_1\">Nombre y apellidos<\/label> <input name=\"avia_1_1\" class=\"text_input \" type=\"text\" id=\"avia_1_1\" value=\"\"  placeholder='Nombre y apellidos'\/><\/p><p class='  first_form  form_element form_fullwidth' id='element_avia_2_1'><label for=\"avia_2_1\">NIE o pasaporte<\/label> <input name=\"avia_2_1\" class=\"text_input \" type=\"text\" id=\"avia_2_1\" value=\"\"  placeholder='NIE o pasaporte'\/><\/p><p class='  first_form  form_element form_fullwidth' id='element_avia_3_1'><label for=\"avia_3_1\">E-Mail<\/label> <input name=\"avia_3_1\" class=\"text_input \" type=\"text\" id=\"avia_3_1\" value=\"\"  placeholder='E-Mail'\/><\/p><p class=' first_form  form_element form_fullwidth' id='element_avia_4_1'><label for=\"avia_4_1\">Horario de contacto<\/label> <select  name=\"avia_4_1\" class=\"select \" id=\"avia_4_1\"><option  value =''>Horario de contacto<\/option><option  value ='Ma\u00f1anas'>Ma\u00f1anas<\/option><option  value ='Tardes'>Tardes<\/option><option  value ='Cualquiera'>Cualquiera<\/option><\/select><\/p><p class='  first_form  form_element form_fullwidth' id='element_avia_5_1'><label for=\"avia_5_1\">Lugar de nacimiento<\/label> <input name=\"avia_5_1\" class=\"text_input \" type=\"text\" id=\"avia_5_1\" value=\"\"  placeholder='Lugar de nacimiento'\/><\/p><p class='  first_form  form_element form_fullwidth' id='element_avia_6_1'><label for=\"avia_6_1\">Direcci\u00f3n de residencia<\/label> <input name=\"avia_6_1\" class=\"text_input \" type=\"text\" id=\"avia_6_1\" value=\"\"  placeholder='Direcci\u00f3n de residencia'\/><\/p><p class='  first_form  form_element form_fullwidth' id='element_avia_7_1'><label for=\"avia_7_1\">Ciudad de residencia<\/label> <input name=\"avia_7_1\" class=\"text_input \" type=\"text\" id=\"avia_7_1\" value=\"\"  placeholder='Ciudad de residencia'\/><\/p><p class='  first_form  form_element form_fullwidth' id='element_avia_8_1'><label for=\"avia_8_1\">C\u00f3digo postal de residencia<\/label> <input name=\"avia_8_1\" class=\"text_input \" type=\"text\" id=\"avia_8_1\" value=\"\"  placeholder='C\u00f3digo postal de residencia'\/><\/p><p class='  first_form  form_element form_fullwidth' id='element_avia_9_1'><label for=\"avia_9_1\">Tel\u00e9fono<\/label> <input name=\"avia_9_1\" class=\"text_input \" type=\"text\" id=\"avia_9_1\" value=\"\"  placeholder='Tel\u00e9fono'\/><\/p><p class=' first_form  form_element form_fullwidth' id='element_avia_10_1'><label for=\"avia_10_1\">Estado civil<\/label> <select  name=\"avia_10_1\" class=\"select \" id=\"avia_10_1\"><option  value =''>Estado civil<\/option><option  value ='Soltero\/a'>Soltero\/a<\/option><option  value ='Casado\/a con extranjero\/a'>Casado\/a con extranjero\/a<\/option><option  value ='Casado\/a con espa\u00f1ol\/a'>Casado\/a con espa\u00f1ol\/a<\/option><option  value ='Divorciado\/a'>Divorciado\/a<\/option><option  value ='Separado\/a'>Separado\/a<\/option><option  value ='Viudo\/a'>Viudo\/a<\/option><option  value ='Viudo\/a espa\u00f1ol\/a'>Viudo\/a espa\u00f1ol\/a<\/option><\/select><\/p><p class='  first_form  form_element form_fullwidth' id='element_avia_11_1'><label for=\"avia_11_1\">Nacionalidad<\/label> <input name=\"avia_11_1\" class=\"text_input \" type=\"text\" id=\"avia_11_1\" value=\"\"  placeholder='Nacionalidad'\/><\/p><p class=' first_form  form_element form_fullwidth' id='element_avia_12_1'><label for=\"avia_12_1\">\u00bfAlguna otra nacionalidad?<\/label> <select  name=\"avia_12_1\" class=\"select \" id=\"avia_12_1\"><option  value =''>\u00bfAlguna otra nacionalidad?<\/option><option  value ='S\u00ed'>S\u00ed<\/option><option  value ='No'>No<\/option><\/select><\/p><p class='  first_form  form_element form_fullwidth' id='element_avia_13_1'><label for=\"avia_13_1\">En caso afirmativo, \u00bfqu\u00e9 otra nacionalidad tiene?<\/label> <input name=\"avia_13_1\" class=\"text_input \" type=\"text\" id=\"avia_13_1\" value=\"\"  placeholder='En caso afirmativo, \u00bfqu\u00e9 otra nacionalidad tiene?'\/><\/p><p class=' first_form  form_element form_fullwidth' id='element_avia_14_1'><label for=\"avia_14_1\">\u00bfCu\u00e1l es su situaci\u00f3n laboral?<\/label> <select  name=\"avia_14_1\" class=\"select \" id=\"avia_14_1\"><option  value =''>\u00bfCu\u00e1l es su situaci\u00f3n laboral?<\/option><option  value ='Trabajando por cuenta ajena'>Trabajando por cuenta ajena<\/option><option  value ='Trabajando por cuenta propia'>Trabajando por cuenta propia<\/option><option  value ='Desempleado'>Desempleado<\/option><\/select><\/p><p class=' first_form  form_element form_fullwidth' id='element_avia_15_1'><label for=\"avia_15_1\">\u00bfEs la primera vez que solicita la nacionalidad espa\u00f1ola?<\/label> <select  name=\"avia_15_1\" class=\"select \" id=\"avia_15_1\"><option  value =''>\u00bfEs la primera vez que solicita la nacionalidad espa\u00f1ola?<\/option><option  value ='S\u00ed'>S\u00ed<\/option><option  value ='No (es la segunda vez)'>No (es la segunda vez)<\/option><option  value ='No (es la tercera vez)'>No (es la tercera vez)<\/option><\/select><\/p><p class=' first_form  form_element form_fullwidth' id='element_avia_16_1'><label for=\"avia_16_1\">Fecha de inicio de su residencia legal en Espa\u00f1a<\/label> <input name=\"avia_16_1\" class=\"avia_datepicker text_input \" type=\"text\" id=\"avia_16_1\" value=\"\" placeholder=\"Fecha de inicio de su residencia legal en Espa\u00f1a\" \/><\/p><p class='  first_form  form_element form_fullwidth' id='element_avia_17_1'><label for=\"avia_17_1\" class=\"textare_label hidden textare_label_avia_17_1\">Comentarios sobre inicio de residencia (opcional)<\/label><textarea  placeholder='Comentarios sobre inicio de residencia (opcional)' name=\"avia_17_1\" class=\"text_area \" cols=\"40\" rows=\"7\" id=\"avia_17_1\" ><\/textarea><\/p><p class=' first_form  form_element form_fullwidth' id='element_avia_18_1'><label for=\"avia_18_1\">Indicar el mes\/a\u00f1o de empadronamiento en Espa\u00f1a:<\/label> <input name=\"avia_18_1\" class=\"avia_datepicker text_input \" type=\"text\" id=\"avia_18_1\" value=\"\" placeholder=\"Indicar el mes\/a\u00f1o de empadronamiento en Espa\u00f1a:\" \/><\/p><p class=' first_form  form_element form_fullwidth' id='element_avia_19_1'><label for=\"avia_19_1\">Tipo de permiso de residencia actual:<\/label> <select  name=\"avia_19_1\" class=\"select \" id=\"avia_19_1\"><option  value =''>Tipo de permiso de residencia actual:<\/option><option  value ='Temporal familiar comunitario UE (5 a\u00f1os)'>Temporal familiar comunitario UE (5 a\u00f1os)<\/option><option  value ='Permanente familiar comunitario UE'>Permanente familiar comunitario UE<\/option><option  value ='Tarjeta temporal cuenta ajena'>Tarjeta temporal cuenta ajena<\/option><option  value ='Tarjeta temporal cuenta propia (aut\u00f3nomo)'>Tarjeta temporal cuenta propia (aut\u00f3nomo)<\/option><option  value ='Tarjeta larga duraci\u00f3n\/larga duraci\u00f3n UE'>Tarjeta larga duraci\u00f3n\/larga duraci\u00f3n UE<\/option><option  value ='Permiso de residencia no lucrativa'>Permiso de residencia no lucrativa<\/option><option  value ='Arraigo social'>Arraigo social<\/option><option  value ='Arraigo familiar (nieto\/a) de espa\u00f1ol\/a'>Arraigo familiar (nieto\/a) de espa\u00f1ol\/a<\/option><option  value ='Arraigo familiar (padre\/madre de menor espa\u00f1ol\/a)'>Arraigo familiar (padre\/madre de menor espa\u00f1ol\/a)<\/option><option  value ='Razones humanitarias'>Razones humanitarias<\/option><option  value ='Asilado'>Asilado<\/option><option  value ='Profesional altamente cualificado'>Profesional altamente cualificado<\/option><option  value ='Permiso de residencia inversor'>Permiso de residencia inversor<\/option><option  value ='Permiso de estancia por estudios'>Permiso de estancia por estudios<\/option><option  value ='Otros'>Otros<\/option><\/select><\/p><p class=' first_form  form_element form_fullwidth' id='element_avia_20_1'><label for=\"avia_20_1\">\u00bfCu\u00e1l es el estado actual de su NIE?<\/label> <select  name=\"avia_20_1\" class=\"select \" id=\"avia_20_1\"><option  value =''>\u00bfCu\u00e1l es el estado actual de su NIE?<\/option><option  value ='En vigor'>En vigor<\/option><option  value ='Caducado'>Caducado<\/option><option  value ='Renovado'>Renovado<\/option><\/select><\/p><p class=' first_form  form_element form_fullwidth' id='element_avia_21_1'><label for=\"avia_21_1\">\u00bfHa tenido otro permiso de residencia anteriormente?<\/label> <select  name=\"avia_21_1\" class=\"select \" id=\"avia_21_1\"><option  value =''>\u00bfHa tenido otro permiso de residencia anteriormente?<\/option><option  value ='S\u00ed'>S\u00ed<\/option><option  value ='No'>No<\/option><\/select><\/p><p class=' first_form  form_element form_fullwidth' id='element_avia_22_1'><label for=\"avia_22_1\">\u00bfHa estado de baja en alg\u00fan momento en el padr\u00f3n?<\/label> <select  name=\"avia_22_1\" class=\"select \" id=\"avia_22_1\"><option  value =''>\u00bfHa estado de baja en alg\u00fan momento en el padr\u00f3n?<\/option><option  value ='S\u00ed'>S\u00ed<\/option><option  value ='No'>No<\/option><\/select><\/p><p class=' first_form  form_element form_fullwidth' id='element_avia_23_1'><label for=\"avia_23_1\">\u00bfCu\u00e1l es el estado actual de su pasaporte?<\/label> <select  name=\"avia_23_1\" class=\"select \" id=\"avia_23_1\"><option  value =''>\u00bfCu\u00e1l es el estado actual de su pasaporte?<\/option><option  value ='En vigor'>En vigor<\/option><option  value ='Caducado'>Caducado<\/option><option  value ='Prorrogado'>Prorrogado<\/option><option  value ='Caducado con pr\u00f3rroga solicitada'>Caducado con pr\u00f3rroga solicitada<\/option><\/select><\/p><p class=' first_form  form_element form_fullwidth' id='element_avia_24_1'><label for=\"avia_24_1\">Fecha de emisi\u00f3n de su pasaporte:<\/label> <input name=\"avia_24_1\" class=\"avia_datepicker text_input \" type=\"text\" id=\"avia_24_1\" value=\"\" placeholder=\"Fecha de emisi\u00f3n de su pasaporte:\" \/><\/p><p class=' first_form  form_element form_fullwidth' id='element_avia_25_1'><label for=\"avia_25_1\">Fecha de validez de su pasaporte:<\/label> <input name=\"avia_25_1\" class=\"avia_datepicker text_input \" type=\"text\" id=\"avia_25_1\" value=\"\" placeholder=\"Fecha de validez de su pasaporte:\" \/><\/p><p class=' first_form  form_element form_fullwidth' id='element_avia_26_1'><label for=\"avia_26_1\">\u00bfHa viajado fuera de Espa\u00f1a en los \u00faltimos 2 a\u00f1os?<\/label> <select  name=\"avia_26_1\" class=\"select \" id=\"avia_26_1\"><option  value =''>\u00bfHa viajado fuera de Espa\u00f1a en los \u00faltimos 2 a\u00f1os?<\/option><option  value ='S\u00ed'>S\u00ed<\/option><option  value ='No'>No<\/option><\/select><\/p><p class=' first_form  form_element form_fullwidth' id='element_avia_27_1'><label for=\"avia_27_1\">\u00bfTiene alg\u00fan familiar espa\u00f1ol de origen?<\/label> <select  name=\"avia_27_1\" class=\"select \" id=\"avia_27_1\"><option  value =''>\u00bfTiene alg\u00fan familiar espa\u00f1ol de origen?<\/option><option  value ='No'>No<\/option><option  value ='Mi abuelo'>Mi abuelo<\/option><option  value ='Mi abuela'>Mi abuela<\/option><option  value ='Mi padre'>Mi padre<\/option><option  value ='Mi madre'>Mi madre<\/option><\/select><\/p><p class=' first_form  form_element form_fullwidth' id='element_avia_28_1'><label for=\"avia_28_1\">\u00bfTiene hijos menores de edad?<\/label> <select  name=\"avia_28_1\" class=\"select \" id=\"avia_28_1\"><option  value =''>\u00bfTiene hijos menores de edad?<\/option><option  value ='S\u00ed'>S\u00ed<\/option><option  value ='No'>No<\/option><\/select><\/p><p class='  first_form  form_element form_fullwidth' id='element_avia_29_1'><label for=\"avia_29_1\">Si tiene hijos, \u00bfd\u00f3nde nacieron?<\/label> <input name=\"avia_29_1\" class=\"text_input \" type=\"text\" id=\"avia_29_1\" value=\"\"  placeholder='Si tiene hijos, \u00bfd\u00f3nde nacieron?'\/><\/p><p class=' first_form  form_element form_fullwidth' id='element_avia_30_1'><label for=\"avia_30_1\">\u00bfTiene o ha tenido antecedentes penales, o procedimiento penal iniciado o finalizado?<\/label> <select  name=\"avia_30_1\" class=\"select \" id=\"avia_30_1\"><option  value =''>\u00bfTiene o ha tenido antecedentes penales, o procedimiento penal iniciado o finalizado?<\/option><option  value ='S\u00ed'>S\u00ed<\/option><option  value ='No'>No<\/option><\/select><\/p><p class='  first_form  form_element form_fullwidth' id='element_avia_31_1'><label for=\"avia_31_1\">En caso afirmativo, \u00bfpor qu\u00e9 delito se generaron los antecedentes penales?<\/label> <input name=\"avia_31_1\" class=\"text_input \" type=\"text\" id=\"avia_31_1\" value=\"\"  placeholder='En caso afirmativo, \u00bfpor qu\u00e9 delito se generaron los antecedentes penales?'\/><\/p><p class=' first_form  form_element form_fullwidth' id='element_avia_32_1'><label for=\"avia_32_1\">En caso afirmativo, \u00bfEn qu\u00e9 fecha se generaron los antecedentes penales?<\/label> <input name=\"avia_32_1\" class=\"avia_datepicker text_input \" type=\"text\" id=\"avia_32_1\" value=\"\" placeholder=\"En caso afirmativo, \u00bfEn qu\u00e9 fecha se generaron los antecedentes penales?\" \/><\/p><p class=' first_form  form_element form_fullwidth' id='element_avia_33_1'><label for=\"avia_33_1\">\u00bfTiene o ha tenido antecedentes policiales?<\/label> <select  name=\"avia_33_1\" class=\"select \" id=\"avia_33_1\"><option  value =''>\u00bfTiene o ha tenido antecedentes policiales?<\/option><option  value ='S\u00ed'>S\u00ed<\/option><option  value ='No'>No<\/option><\/select><\/p><p class=' first_form  form_element form_fullwidth' id='element_avia_34_1'><label for=\"avia_34_1\">\u00bfEst\u00e1 interesado en que le tramitemos la documentaci\u00f3n necesaria para presentar la solicitud?<\/label> <select  name=\"avia_34_1\" class=\"select \" id=\"avia_34_1\"><option  value =''>\u00bfEst\u00e1 interesado en que le tramitemos la documentaci\u00f3n necesaria para presentar la solicitud?<\/option><option  value ='S\u00ed'>S\u00ed<\/option><option  value ='No'>No<\/option><\/select><\/p><p class=' first_form  form_element form_fullwidth' id='element_avia_35_1'><label for=\"avia_35_1\">\u00bfQu\u00e9 tipo de documento necesita que le tramitemos en el Registro Civil espa\u00f1ol?<\/label> <select  name=\"avia_35_1\" class=\"select \" id=\"avia_35_1\"><option  value =''>\u00bfQu\u00e9 tipo de documento necesita que le tramitemos en el Registro Civil espa\u00f1ol?<\/option><option  value ='Certificado de nacimiento'>Certificado de nacimiento<\/option><option  value ='Certificado de matrimonio'>Certificado de matrimonio<\/option><option  value ='Certificado de antecedentes penales'>Certificado de antecedentes penales<\/option><\/select><\/p><p class='  first_form  form_element form_fullwidth' id='element_avia_36_1'><label for=\"avia_36_1\">\u00bfNecesita que nosotros tramitemos alg\u00fan documento de su pa\u00eds de origen?<\/label> <input name=\"avia_36_1\" class=\"text_input \" type=\"text\" id=\"avia_36_1\" value=\"\"  placeholder='\u00bfNecesita que nosotros tramitemos alg\u00fan documento de su pa\u00eds de origen?'\/><\/p><p class=' first_form  form_element form_fullwidth' id='element_avia_37_1'><label for=\"avia_37_1\">\u00bfHa superado los ex\u00e1menes del Instituto Cervantes?<\/label> <select  name=\"avia_37_1\" class=\"select \" id=\"avia_37_1\"><option  value =''>\u00bfHa superado los ex\u00e1menes del Instituto Cervantes?<\/option><option  value ='No'>No<\/option><option  value ='S\u00ed (CCSE)'>S\u00ed (CCSE)<\/option><option  value ='S\u00ed (DELE)'>S\u00ed (DELE)<\/option><option  value ='S\u00ed (ambos)'>S\u00ed (ambos)<\/option><\/select><\/p><p class=' first_form  form_element form_fullwidth' id='element_avia_38_1'><label for=\"avia_38_1\">\u00bfQu\u00e9 v\u00eda de presentaci\u00f3n de la solicitud le interesa?<\/label> <select  name=\"avia_38_1\" class=\"select \" id=\"avia_38_1\"><option  value =''>\u00bfQu\u00e9 v\u00eda de presentaci\u00f3n de la solicitud le interesa?<\/option><option  value ='V\u00eda telem\u00e1tica'>V\u00eda telem\u00e1tica<\/option><option  value ='V\u00eda Presencial (ICAM)'>V\u00eda Presencial (ICAM)<\/option><\/select><\/p><p class='  first_form  form_element form_fullwidth' id='element_avia_39_1'><label for=\"avia_39_1\" class=\"textare_label hidden textare_label_avia_39_1\">Otros datos de inter\u00e9s:<\/label><textarea  placeholder='Otros datos de inter\u00e9s:' name=\"avia_39_1\" class=\"text_area \" cols=\"40\" rows=\"7\" id=\"avia_39_1\" ><\/textarea><\/p><p class=\"hidden\"><input type=\"text\" name=\"avia_40_1\" class=\"hidden \" id=\"avia_40_1\" value=\"\" \/><\/p><p class='av_form_privacy_check av_contact_privacy_check first_form  form_element form_fullwidth' id='element_avia_41_1'>    <input  name=\"avia_41_1\" class=\"input_checkbox is_empty\" type=\"checkbox\" id=\"avia_41_1\" value=\"true\"\/><label class=\"input_checkbox_label\" for=\"avia_41_1\">He leido y acepto la <u><a href=\"index.php\/politica-de-privacidad\" target=\"_blank\" rel=\"noopener\">pol\u00edtica de privacidad<\/a><\/u> del sitio Web. <abbr class=\"required\" title=\"requerido\">*<\/abbr><\/label><\/p><p class=\"form_element \"><input type=\"hidden\" value=\"1\" name=\"avia_generated_form1\" \/><input type=\"submit\" value=\"Enviar\" class=\"button\"  data-sending-label=\"Enviando\"\/><\/p><\/fieldset><\/form><div id=\"ajaxresponse_1\" class=\"ajaxresponse ajaxresponse_1 hidden\"><\/div>\n","protected":false},"excerpt":{"rendered":"","protected":false},"author":3,"featured_media":0,"parent":0,"menu_order":0,"comment_status":"closed","ping_status":"closed","template":"","meta":{"_monsterinsights_skip_tracking":false,"_monsterinsights_sitenote_active":false,"_monsterinsights_sitenote_note":"","_monsterinsights_sitenote_category":0},"yst_prominent_words":[],"_links":{"self":[{"href":"https:\/\/gregoriasesores.es\/index.php\/wp-json\/wp\/v2\/pages\/1731"}],"collection":[{"href":"https:\/\/gregoriasesores.es\/index.php\/wp-json\/wp\/v2\/pages"}],"about":[{"href":"https:\/\/gregoriasesores.es\/index.php\/wp-json\/wp\/v2\/types\/page"}],"author":[{"embeddable":true,"href":"https:\/\/gregoriasesores.es\/index.php\/wp-json\/wp\/v2\/users\/3"}],"replies":[{"embeddable":true,"href":"https:\/\/gregoriasesores.es\/index.php\/wp-json\/wp\/v2\/comments?post=1731"}],"version-history":[{"count":7,"href":"https:\/\/gregoriasesores.es\/index.php\/wp-json\/wp\/v2\/pages\/1731\/revisions"}],"predecessor-version":[{"id":1742,"href":"https:\/\/gregoriasesores.es\/index.php\/wp-json\/wp\/v2\/pages\/1731\/revisions\/1742"}],"wp:attachment":[{"href":"https:\/\/gregoriasesores.es\/index.php\/wp-json\/wp\/v2\/media?parent=1731"}],"wp:term":[{"taxonomy":"yst_prominent_words","embeddable":true,"href":"https:\/\/gregoriasesores.es\/index.php\/wp-json\/wp\/v2\/yst_prominent_words?post=1731"}],"curies":[{"name":"wp","href":"https:\/\/api.w.org\/{rel}","templated":true}]}}